{"id":1581,"date":"2020-06-13T17:31:32","date_gmt":"2020-06-13T16:31:32","guid":{"rendered":"http:\/\/www.kirschfestverein.de\/cms\/?page_id=1581"},"modified":"2021-12-26T10:36:59","modified_gmt":"2021-12-26T09:36:59","slug":"kirschfest-2020","status":"publish","type":"page","link":"https:\/\/www.kirschfestverein.de\/cms\/kirschfest-2020\/","title":{"rendered":"Live Kirschfest 2020"},"content":{"rendered":"\n<figure class=\"wp-block-image size-large\"><img loading=\"lazy\" decoding=\"async\" width=\"1024\" height=\"243\" src=\"https:\/\/www.kirschfestverein.de\/cms\/wp-content\/uploads\/2020\/06\/kirschfest_corona_convid19_2020-1024x243.jpg\" alt=\"\" class=\"wp-image-1593\" srcset=\"https:\/\/www.kirschfestverein.de\/cms\/wp-content\/uploads\/2020\/06\/kirschfest_corona_convid19_2020-1024x243.jpg 1024w, https:\/\/www.kirschfestverein.de\/cms\/wp-content\/uploads\/2020\/06\/kirschfest_corona_convid19_2020-300x71.jpg 300w, https:\/\/www.kirschfestverein.de\/cms\/wp-content\/uploads\/2020\/06\/kirschfest_corona_convid19_2020-768x183.jpg 768w, https:\/\/www.kirschfestverein.de\/cms\/wp-content\/uploads\/2020\/06\/kirschfest_corona_convid19_2020-1536x365.jpg 1536w, https:\/\/www.kirschfestverein.de\/cms\/wp-content\/uploads\/2020\/06\/kirschfest_corona_convid19_2020-150x36.jpg 150w, https:\/\/www.kirschfestverein.de\/cms\/wp-content\/uploads\/2020\/06\/kirschfest_corona_convid19_2020.jpg 1855w\" sizes=\"auto, (max-width: 1024px) 100vw, 1024px\" \/><\/figure>\n\n\n\n<figure class=\"wp-block-embed is-type-video is-provider-youtube wp-block-embed-youtube wp-embed-aspect-16-9 wp-has-aspect-ratio\"><div class=\"wp-block-embed__wrapper\">\n<iframe loading=\"lazy\" hcb-fetch-image-from=\"https:\/\/www.youtube.com\/watch?v=hMuaJzX-Xno&amp;feature=youtu.be\" title=\"Kirschfest LiveStream - Tag 1 - Donnerstag_Teil 1\/2 (Leuchtreklame, Vinothek Band, NachSpielZeit)\" width=\"730\" height=\"411\" src=\"https:\/\/www.youtube.com\/embed\/hMuaJzX-Xno?feature=oembed\" frameborder=\"0\" allow=\"accelerometer; autoplay; clipboard-write; encrypted-media; gyroscope; picture-in-picture\" allowfullscreen><\/iframe>\n<\/div><\/figure>\n\n\n\n<figure class=\"wp-block-embed is-type-video is-provider-youtube wp-block-embed-youtube wp-embed-aspect-16-9 wp-has-aspect-ratio\"><div class=\"wp-block-embed__wrapper\">\n<iframe loading=\"lazy\" hcb-fetch-image-from=\"https:\/\/www.youtube.com\/watch?v=ffrpyh-lQmg&amp;feature=youtu.be\" title=\"Kirschfest LiveStream - Tag 1 - Donnerstag_Teil 2\/2 (Schlaflos)\" width=\"730\" height=\"411\" src=\"https:\/\/www.youtube.com\/embed\/ffrpyh-lQmg?feature=oembed\" frameborder=\"0\" allow=\"accelerometer; autoplay; clipboard-write; encrypted-media; gyroscope; picture-in-picture\" allowfullscreen><\/iframe>\n<\/div><\/figure>\n\n\n\n<figure class=\"wp-block-embed is-type-video is-provider-youtube wp-block-embed-youtube wp-embed-aspect-16-9 wp-has-aspect-ratio\"><div class=\"wp-block-embed__wrapper\">\n<iframe loading=\"lazy\" hcb-fetch-image-from=\"https:\/\/youtu.be\/WDqib3wuY3g\" title=\"Kinderkirschfest LiveStream - Willy Trommelb\u00e4r &amp; Freunde &quot;Das Kinderkirschfest 2020 in Gefahr&quot;\" width=\"730\" height=\"411\" src=\"https:\/\/www.youtube.com\/embed\/WDqib3wuY3g?feature=oembed\" frameborder=\"0\" allow=\"accelerometer; autoplay; clipboard-write; encrypted-media; gyroscope; picture-in-picture\" allowfullscreen><\/iframe>\n<\/div><\/figure>\n\n\n\n<figure class=\"wp-block-embed is-type-video is-provider-youtube wp-block-embed-youtube wp-embed-aspect-16-9 wp-has-aspect-ratio\"><div class=\"wp-block-embed__wrapper\">\n<iframe loading=\"lazy\" hcb-fetch-image-from=\"https:\/\/www.youtube.com\/watch?v=wH4XS6etGQU&amp;feature=youtu.be\" title=\"Kirschfest LiveStream - Tag 2 - BLACKFriday (Pia &amp; Friends, Black Design, Black Mode)\" width=\"730\" height=\"411\" src=\"https:\/\/www.youtube.com\/embed\/wH4XS6etGQU?feature=oembed\" frameborder=\"0\" allow=\"accelerometer; autoplay; clipboard-write; encrypted-media; gyroscope; picture-in-picture\" allowfullscreen><\/iframe>\n<\/div><\/figure>\n\n\n\n<figure class=\"wp-block-embed is-type-video is-provider-youtube wp-block-embed-youtube wp-embed-aspect-16-9 wp-has-aspect-ratio\"><div class=\"wp-block-embed__wrapper\">\n<iframe loading=\"lazy\" hcb-fetch-image-from=\"https:\/\/www.youtube.com\/watch?v=9f60QVDUB3I&amp;feature=youtu.be\" title=\"Kirschfest LiveStream   Sondersendung   Naumburger Kirschfestumzug zum Samstag\" width=\"730\" height=\"411\" src=\"https:\/\/www.youtube.com\/embed\/9f60QVDUB3I?feature=oembed\" frameborder=\"0\" allow=\"accelerometer; autoplay; clipboard-write; encrypted-media; gyroscope; picture-in-picture\" allowfullscreen><\/iframe>\n<\/div><\/figure>\n\n\n\n<figure class=\"wp-block-embed is-type-video is-provider-youtube wp-block-embed-youtube wp-embed-aspect-16-9 wp-has-aspect-ratio\"><div class=\"wp-block-embed__wrapper\">\n<iframe loading=\"lazy\" hcb-fetch-image-from=\"https:\/\/www.youtube.com\/watch?v=lQFuyh6c2AA&amp;feature=youtu.be\" title=\"Kirschfest LiveStream - Tag 3 - Samstag_Teil 1\/2 (Anik Shala, Blue Life, B-87, Acoustic Noise)\" width=\"730\" height=\"411\" src=\"https:\/\/www.youtube.com\/embed\/lQFuyh6c2AA?feature=oembed\" frameborder=\"0\" allow=\"accelerometer; autoplay; clipboard-write; encrypted-media; gyroscope; picture-in-picture\" allowfullscreen><\/iframe>\n<\/div><\/figure>\n\n\n\n<figure class=\"wp-block-embed is-type-video is-provider-youtube wp-block-embed-youtube wp-embed-aspect-16-9 wp-has-aspect-ratio\"><div class=\"wp-block-embed__wrapper\">\n<iframe loading=\"lazy\" hcb-fetch-image-from=\"https:\/\/www.youtube.com\/watch?v=rlTX6o3k3s8&amp;feature=youtu.be\" title=\"Kirschfest LiveStream - Tag 3 - Samstag_Teil 2\/2 mit DJ W.O.O.D.\/Hart &amp; Smart\" width=\"730\" height=\"411\" src=\"https:\/\/www.youtube.com\/embed\/rlTX6o3k3s8?feature=oembed\" frameborder=\"0\" allow=\"accelerometer; autoplay; clipboard-write; encrypted-media; gyroscope; picture-in-picture\" allowfullscreen><\/iframe>\n<\/div><\/figure>\n\n\n\n<figure class=\"wp-block-embed is-type-video is-provider-youtube wp-block-embed-youtube wp-embed-aspect-16-9 wp-has-aspect-ratio\"><div class=\"wp-block-embed__wrapper\">\n<iframe loading=\"lazy\" hcb-fetch-image-from=\"https:\/\/www.youtube.com\/watch?v=bxkrRbdWIgw&amp;feature=youtu.be\" title=\"Kirschfest LiveStream - Tag 4 - Sonntag (Panic Youth, Non-Paying Recess, Tonallergie)\" width=\"730\" height=\"411\" src=\"https:\/\/www.youtube.com\/embed\/bxkrRbdWIgw?feature=oembed\" frameborder=\"0\" allow=\"accelerometer; autoplay; clipboard-write; encrypted-media; gyroscope; picture-in-picture\" allowfullscreen><\/iframe>\n<\/div><\/figure>\n\n\n\n<figure class=\"wp-block-embed is-type-video is-provider-youtube wp-block-embed-youtube wp-embed-aspect-16-9 wp-has-aspect-ratio\"><div class=\"wp-block-embed__wrapper\">\n<iframe loading=\"lazy\" hcb-fetch-image-from=\"https:\/\/www.youtube.com\/watch?v=p0w3JfY2GII&amp;feature=youtu.be\" title=\"Kirschfest LiveStream - Tag 5 - Montag (Der Philipp, Replay, Kirschfestumzug&#039;20, Vanille)\" width=\"730\" height=\"411\" src=\"https:\/\/www.youtube.com\/embed\/p0w3JfY2GII?feature=oembed\" frameborder=\"0\" allow=\"accelerometer; autoplay; clipboard-write; encrypted-media; gyroscope; picture-in-picture\" allowfullscreen><\/iframe>\n<\/div><\/figure>\n\n\n\n<figure class=\"wp-block-embed is-type-video is-provider-youtube wp-block-embed-youtube wp-embed-aspect-16-9 wp-has-aspect-ratio\"><div class=\"wp-block-embed__wrapper\">\n<iframe loading=\"lazy\" hcb-fetch-image-from=\"https:\/\/www.youtube.com\/watch?v=qPxiRrMZ3sQ&amp;feature=youtu.be\" title=\"Kirschfest 2020 - Ein Tag mit Prokop\" width=\"730\" height=\"411\" src=\"https:\/\/www.youtube.com\/embed\/qPxiRrMZ3sQ?feature=oembed\" frameborder=\"0\" allow=\"accelerometer; autoplay; clipboard-write; encrypted-media; gyroscope; picture-in-picture\" allowfullscreen><\/iframe>\n<\/div><\/figure>\n\n\n\n<figure class=\"wp-block-embed is-type-video is-provider-youtube wp-block-embed-youtube wp-embed-aspect-16-9 wp-has-aspect-ratio\"><div class=\"wp-block-embed__wrapper\">\n<iframe loading=\"lazy\" hcb-fetch-image-from=\"https:\/\/www.youtube.com\/watch?v=tTfuakR9Vns&amp;feature=youtu.be\" title=\"Kirschfest LiveStream - Musikerstammtisch Session (Mittwoch - Warm Up)\" width=\"730\" height=\"411\" src=\"https:\/\/www.youtube.com\/embed\/tTfuakR9Vns?feature=oembed\" frameborder=\"0\" allow=\"accelerometer; autoplay; clipboard-write; encrypted-media; gyroscope; picture-in-picture\" allowfullscreen><\/iframe>\n<\/div><\/figure>\n\n\n\n<figure class=\"wp-block-embed is-type-video is-provider-youtube wp-block-embed-youtube wp-embed-aspect-16-9 wp-has-aspect-ratio\"><div class=\"wp-block-embed__wrapper\">\n<iframe loading=\"lazy\" hcb-fetch-image-from=\"https:\/\/www.youtube.com\/watch?v=r2jyJGcPIDo&amp;feature=youtu.be\" title=\"Kirschfest LiveStream - Behind The Scene (The Outtakes)\" width=\"730\" height=\"411\" src=\"https:\/\/www.youtube.com\/embed\/r2jyJGcPIDo?feature=oembed\" frameborder=\"0\" allow=\"accelerometer; autoplay; clipboard-write; encrypted-media; gyroscope; picture-in-picture\" allowfullscreen><\/iframe>\n<\/div><\/figure>\n\n\n\n<figure class=\"wp-block-embed is-type-video is-provider-youtube wp-block-embed-youtube wp-embed-aspect-16-9 wp-has-aspect-ratio\"><div class=\"wp-block-embed__wrapper\">\n<iframe loading=\"lazy\" hcb-fetch-image-from=\"https:\/\/www.youtube.com\/watch?v=TDNRpYOfas8&amp;feature=youtu.be\" title=\"ROS Live Session TV_Werbung\" width=\"730\" height=\"411\" src=\"https:\/\/www.youtube.com\/embed\/TDNRpYOfas8?feature=oembed\" frameborder=\"0\" allow=\"accelerometer; autoplay; clipboard-write; encrypted-media; gyroscope; picture-in-picture\" allowfullscreen><\/iframe>\n<\/div><\/figure>\n\n\n<p><strong>Dar\u00fcber hinaus ist der Livestream \u00fcber weitere Plattformen m\u00f6glich: <br \/><\/strong><\/p>\n<p><strong>Rock on Stage:\u00a0<\/strong> <a href=\"https:\/\/rockonstage.jimdofree.com\"> Rock on Stage<\/a><\/p>\n<p><strong>Facebook:\u00a0<\/strong> <a href=\"http:\/\/facebook.com\/rockonstage\">http:\/\/facebook.com\/rockonstage<\/a><\/p>\n<p><strong>YouTube:\u00a0<\/strong> <a href=\"https:\/\/www.youtube.com\/channel\/UCUZ_FN--n1jNAX0vsQSq06Q\">https:\/\/www.youtube.com\/channel\/UCUZ_FN&#8211;n1jNAX0vsQSq06Q<\/a><\/p>\n<p><strong>Twitch TV:\u00a0<\/strong> <a href=\"https:\/\/www.twitch.tv\/rockonstage\/\">https:\/\/www.twitch.tv\/rockonstage\/<\/a><\/p>\n\n\n<hr class=\"wp-block-separator\"\/>\n\n\n\n\n\n<figure class=\"wp-block-image\"><img decoding=\"async\" src=\"https:\/\/www.kirschfestverein.de\/cms\/wp-content\/uploads\/2020\/06\/kirschfest_corona_convid19_2020_v2.jpg\" alt=\"Dieses Bild hat ein leeres Alt-Attribut. Der Dateiname ist kirschfest_corona_convid19_2020_v2.jpg\"\/><\/figure>\n\n\n\n<p>TrennzeichenTrenne deine Ideen oder Abschnitte mit einem horizontalen Trennelement.Farbe<\/p>\n\n\n\n<ul class=\"wp-block-list\"><li>Trennzeichen<\/li><\/ul>\n\n\n\n<p>Suche nach einem Block<\/p>\n\n\n\n<hr class=\"wp-block-separator\"\/>\n\n\n\n<div class=\"wp-block-image\"><figure class=\"aligncenter size-large\"><img loading=\"lazy\" decoding=\"async\" width=\"350\" height=\"491\" src=\"https:\/\/www.kirschfestverein.de\/cms\/wp-content\/uploads\/2020\/06\/kirschfest_corona_convid19_2020_v2.jpg\" alt=\"\" class=\"wp-image-1598\" srcset=\"https:\/\/www.kirschfestverein.de\/cms\/wp-content\/uploads\/2020\/06\/kirschfest_corona_convid19_2020_v2.jpg 350w, https:\/\/www.kirschfestverein.de\/cms\/wp-content\/uploads\/2020\/06\/kirschfest_corona_convid19_2020_v2-214x300.jpg 214w, https:\/\/www.kirschfestverein.de\/cms\/wp-content\/uploads\/2020\/06\/kirschfest_corona_convid19_2020_v2-107x150.jpg 107w\" sizes=\"auto, (max-width: 350px) 100vw, 350px\" \/><\/figure><\/div>\n","protected":false},"excerpt":{"rendered":"<p>Dar\u00fcber hinaus ist der Livestream \u00fcber weitere Plattformen m\u00f6glich: Rock on Stage:\u00a0 Rock on Stage Facebook:\u00a0 http:\/\/facebook.com\/rockonstage YouTube:\u00a0 https:\/\/www.youtube.com\/channel\/UCUZ_FN&#8211;n1jNAX0vsQSq06Q Twitch TV:\u00a0 https:\/\/www.twitch.tv\/rockonstage\/ TrennzeichenTrenne deine Ideen oder Abschnitte mit einem horizontalen Trennelement.Farbe Trennzeichen Suche nach einem Block<\/p>\n<p> <a class=\"continue-reading-link\" href=\"https:\/\/www.kirschfestverein.de\/cms\/kirschfest-2020\/\"><span>mehr&#8230;<\/span><i class=\"crycon-right-dir\"><\/i><\/a> <\/p>\n","protected":false},"author":1,"featured_media":0,"parent":0,"menu_order":0,"comment_status":"closed","ping_status":"closed","template":"templates\/template-onecolumn.php","meta":{"footnotes":""},"class_list":["post-1581","page","type-page","status-publish","hentry"],"_links":{"self":[{"href":"https:\/\/www.kirschfestverein.de\/cms\/wp-json\/wp\/v2\/pages\/1581","targetHints":{"allow":["GET"]}}],"collection":[{"href":"https:\/\/www.kirschfestverein.de\/cms\/wp-json\/wp\/v2\/pages"}],"about":[{"href":"https:\/\/www.kirschfestverein.de\/cms\/wp-json\/wp\/v2\/types\/page"}],"author":[{"embeddable":true,"href":"https:\/\/www.kirschfestverein.de\/cms\/wp-json\/wp\/v2\/users\/1"}],"replies":[{"embeddable":true,"href":"https:\/\/www.kirschfestverein.de\/cms\/wp-json\/wp\/v2\/comments?post=1581"}],"version-history":[{"count":30,"href":"https:\/\/www.kirschfestverein.de\/cms\/wp-json\/wp\/v2\/pages\/1581\/revisions"}],"predecessor-version":[{"id":1696,"href":"https:\/\/www.kirschfestverein.de\/cms\/wp-json\/wp\/v2\/pages\/1581\/revisions\/1696"}],"wp:attachment":[{"href":"https:\/\/www.kirschfestverein.de\/cms\/wp-json\/wp\/v2\/media?parent=1581"}],"curies":[{"name":"wp","href":"https:\/\/api.w.org\/{rel}","templated":true}]}}