{"id":25,"date":"2012-12-05T19:34:12","date_gmt":"2012-12-05T17:34:12","guid":{"rendered":"http:\/\/www.kirschfestverein.de\/cms\/?page_id=25"},"modified":"2016-12-11T11:35:38","modified_gmt":"2016-12-11T10:35:38","slug":"offentlichkeitsarbeit","status":"publish","type":"page","link":"https:\/\/www.kirschfestverein.de\/cms\/offentlichkeitsarbeit\/","title":{"rendered":"AK \u00d6ffentlichkeitsarbeit"},"content":{"rendered":"\n\t\t<style type=\"text\/css\">\n\t\t\t#gallery-1 {\n\t\t\t\tmargin: auto;\n\t\t\t}\n\t\t\t#gallery-1 .gallery-item {\n\t\t\t\tfloat: left;\n\t\t\t\tmargin-top: 10px;\n\t\t\t\ttext-align: center;\n\t\t\t\twidth: 33%;\n\t\t\t}\n\t\t\t#gallery-1 img {\n\t\t\t\tborder: 2px solid #cfcfcf;\n\t\t\t}\n\t\t\t#gallery-1 .gallery-caption {\n\t\t\t\tmargin-left: 0;\n\t\t\t}\n\t\t\t\/* see gallery_shortcode() in wp-includes\/media.php *\/\n\t\t<\/style>\n\t\t<div id='gallery-1' class='gallery galleryid-25 gallery-columns-3 gallery-size-thumbnail'><dl class='gallery-item'>\n\t\t\t<dt class='gallery-icon landscape'>\n\t\t\t\t<a href='https:\/\/www.kirschfestverein.de\/cms\/wp-content\/uploads\/2015\/02\/20140627-DJI00012.jpg'><img loading=\"lazy\" decoding=\"async\" width=\"150\" height=\"84\" src=\"https:\/\/www.kirschfestverein.de\/cms\/wp-content\/uploads\/2015\/02\/20140627-DJI00012-150x84.jpg\" class=\"attachment-thumbnail size-thumbnail\" alt=\"\" srcset=\"https:\/\/www.kirschfestverein.de\/cms\/wp-content\/uploads\/2015\/02\/20140627-DJI00012-150x84.jpg 150w, https:\/\/www.kirschfestverein.de\/cms\/wp-content\/uploads\/2015\/02\/20140627-DJI00012-300x169.jpg 300w, https:\/\/www.kirschfestverein.de\/cms\/wp-content\/uploads\/2015\/02\/20140627-DJI00012.jpg 1024w, https:\/\/www.kirschfestverein.de\/cms\/wp-content\/uploads\/2015\/02\/20140627-DJI00012-624x351.jpg 624w\" sizes=\"auto, (max-width: 150px) 100vw, 150px\" \/><\/a>\n\t\t\t<\/dt><\/dl><dl class='gallery-item'>\n\t\t\t<dt class='gallery-icon landscape'>\n\t\t\t\t<a href='https:\/\/www.kirschfestverein.de\/cms\/wp-content\/uploads\/2016\/06\/0208_23.06.2016.jpg'><img loading=\"lazy\" decoding=\"async\" width=\"150\" height=\"113\" src=\"https:\/\/www.kirschfestverein.de\/cms\/wp-content\/uploads\/2016\/06\/0208_23.06.2016-150x113.jpg\" class=\"attachment-thumbnail size-thumbnail\" alt=\"\" \/><\/a>\n\t\t\t<\/dt><\/dl><dl class='gallery-item'>\n\t\t\t<dt class='gallery-icon landscape'>\n\t\t\t\t<a href='https:\/\/www.kirschfestverein.de\/cms\/wp-content\/uploads\/2016\/07\/KF_2016-268.jpg'><img loading=\"lazy\" decoding=\"async\" width=\"150\" height=\"113\" src=\"https:\/\/www.kirschfestverein.de\/cms\/wp-content\/uploads\/2016\/07\/KF_2016-268-150x113.jpg\" class=\"attachment-thumbnail size-thumbnail\" alt=\"\" \/><\/a>\n\t\t\t<\/dt><\/dl><br style=\"clear: both\" \/><dl class='gallery-item'>\n\t\t\t<dt class='gallery-icon landscape'>\n\t\t\t\t<a href='https:\/\/www.kirschfestverein.de\/cms\/wp-content\/uploads\/2016\/07\/KF_2016-261-e1492588196445.jpg'><img loading=\"lazy\" decoding=\"async\" width=\"150\" height=\"113\" src=\"https:\/\/www.kirschfestverein.de\/cms\/wp-content\/uploads\/2016\/07\/KF_2016-261-e1492588196445-150x113.jpg\" class=\"attachment-thumbnail size-thumbnail\" alt=\"\" \/><\/a>\n\t\t\t<\/dt><\/dl><dl class='gallery-item'>\n\t\t\t<dt class='gallery-icon landscape'>\n\t\t\t\t<a href='https:\/\/www.kirschfestverein.de\/cms\/wp-content\/uploads\/2016\/06\/0598_23.06.2016.jpg'><img loading=\"lazy\" decoding=\"async\" width=\"150\" height=\"113\" src=\"https:\/\/www.kirschfestverein.de\/cms\/wp-content\/uploads\/2016\/06\/0598_23.06.2016-150x113.jpg\" class=\"attachment-thumbnail size-thumbnail\" alt=\"\" \/><\/a>\n\t\t\t<\/dt><\/dl><dl class='gallery-item'>\n\t\t\t<dt class='gallery-icon landscape'>\n\t\t\t\t<a href='https:\/\/www.kirschfestverein.de\/cms\/wp-content\/uploads\/2016\/06\/0293_23.06.2016.jpg'><img loading=\"lazy\" decoding=\"async\" width=\"150\" height=\"113\" src=\"https:\/\/www.kirschfestverein.de\/cms\/wp-content\/uploads\/2016\/06\/0293_23.06.2016-150x113.jpg\" class=\"attachment-thumbnail size-thumbnail\" alt=\"\" \/><\/a>\n\t\t\t<\/dt><\/dl><br style=\"clear: both\" \/><dl class='gallery-item'>\n\t\t\t<dt class='gallery-icon landscape'>\n\t\t\t\t<a href='https:\/\/www.kirschfestverein.de\/cms\/wp-content\/uploads\/2016\/06\/0004_23.06.2016.jpg'><img loading=\"lazy\" decoding=\"async\" width=\"150\" height=\"113\" src=\"https:\/\/www.kirschfestverein.de\/cms\/wp-content\/uploads\/2016\/06\/0004_23.06.2016-150x113.jpg\" class=\"attachment-thumbnail size-thumbnail\" alt=\"\" \/><\/a>\n\t\t\t<\/dt><\/dl>\n\t\t\t<br style='clear: both' \/>\n\t\t<\/div>\n\n<p><strong>Aufgaben:<\/strong>\u00a0Organisation von \u00d6ffentlichkeitsarbeit durch Verteilung auf einzelne Personen oder kleine Gruppen, z. Bsp. Auftritte des Vereins nach au\u00dfen (St\u00e4nde, ggf. auch in Nachbarst\u00e4dten), Merchandising-Projekte (T-Shirts, Gl\u00e4ser).<\/p>\n<p><strong><span class=\"Apple-style-span\" style=\"font-weight: normal; line-height: 14px;\"><strong>Verantwortliches\u00a0Mitglied innerhalb des Vereins-Arbeitskreises:<\/strong>\u00a0<\/span><\/strong><span class=\"Apple-style-span\" style=\"font-weight: normal;\">Undine Rudolph<\/span><\/p>\n","protected":false},"excerpt":{"rendered":"<p>Aufgaben:\u00a0Organisation von \u00d6ffentlichkeitsarbeit durch Verteilung auf einzelne Personen oder kleine Gruppen, z. Bsp. Auftritte des Vereins nach au\u00dfen (St\u00e4nde, ggf. auch in Nachbarst\u00e4dten), Merchandising-Projekte (T-Shirts, Gl\u00e4ser). Verantwortliches\u00a0Mitglied innerhalb des Vereins-Arbeitskreises:\u00a0Undine Rudolph<\/p>\n<p> <a class=\"continue-reading-link\" href=\"https:\/\/www.kirschfestverein.de\/cms\/offentlichkeitsarbeit\/\"><span>mehr&#8230;<\/span><i class=\"crycon-right-dir\"><\/i><\/a> <\/p>\n","protected":false},"author":1,"featured_media":0,"parent":0,"menu_order":0,"comment_status":"closed","ping_status":"closed","template":"","meta":{"footnotes":""},"class_list":["post-25","page","type-page","status-publish","hentry"],"_links":{"self":[{"href":"https:\/\/www.kirschfestverein.de\/cms\/wp-json\/wp\/v2\/pages\/25","targetHints":{"allow":["GET"]}}],"collection":[{"href":"https:\/\/www.kirschfestverein.de\/cms\/wp-json\/wp\/v2\/pages"}],"about":[{"href":"https:\/\/www.kirschfestverein.de\/cms\/wp-json\/wp\/v2\/types\/page"}],"author":[{"embeddable":true,"href":"https:\/\/www.kirschfestverein.de\/cms\/wp-json\/wp\/v2\/users\/1"}],"replies":[{"embeddable":true,"href":"https:\/\/www.kirschfestverein.de\/cms\/wp-json\/wp\/v2\/comments?post=25"}],"version-history":[{"count":14,"href":"https:\/\/www.kirschfestverein.de\/cms\/wp-json\/wp\/v2\/pages\/25\/revisions"}],"predecessor-version":[{"id":1205,"href":"https:\/\/www.kirschfestverein.de\/cms\/wp-json\/wp\/v2\/pages\/25\/revisions\/1205"}],"wp:attachment":[{"href":"https:\/\/www.kirschfestverein.de\/cms\/wp-json\/wp\/v2\/media?parent=25"}],"curies":[{"name":"wp","href":"https:\/\/api.w.org\/{rel}","templated":true}]}}