{"id":670,"date":"2013-06-13T13:59:19","date_gmt":"2013-06-13T11:59:19","guid":{"rendered":"http:\/\/www.kirschfestverein.de\/cms\/?page_id=670"},"modified":"2016-12-15T13:11:46","modified_gmt":"2016-12-15T12:11:46","slug":"forderer","status":"publish","type":"page","link":"https:\/\/www.kirschfestverein.de\/cms\/forderer\/","title":{"rendered":"Unserer F\u00f6rderer"},"content":{"rendered":"<p><img loading=\"lazy\" decoding=\"async\" class=\"alignleft wp-image-317 size-full\" src=\"https:\/\/www.kirschfestverein.de\/cms\/wp-content\/uploads\/2013\/01\/cropped-Header_neu.jpg\" width=\"960\" height=\"200\" srcset=\"https:\/\/www.kirschfestverein.de\/cms\/wp-content\/uploads\/2013\/01\/cropped-Header_neu.jpg 960w, https:\/\/www.kirschfestverein.de\/cms\/wp-content\/uploads\/2013\/01\/cropped-Header_neu-150x31.jpg 150w, https:\/\/www.kirschfestverein.de\/cms\/wp-content\/uploads\/2013\/01\/cropped-Header_neu-300x62.jpg 300w, https:\/\/www.kirschfestverein.de\/cms\/wp-content\/uploads\/2013\/01\/cropped-Header_neu-624x130.jpg 624w\" sizes=\"auto, (max-width: 960px) 100vw, 960px\" \/><\/p>\n<ul style=\"list-style-type: circle;\">\n<li>\n<hr \/>\n<\/li>\n<li>Sparkasse Burgenlandkreis<\/li>\n<li>Deutsche Bank Naumburg<\/li>\n<li>Naumburger Tageblatt<\/li>\n<li>Oberlandesgericht Naumburg<\/li>\n<li>Firma H\u00fcndorf<\/li>\n<li>Landrat Harri Reiche<\/li>\n<li>Herr Josef Klieber<\/li>\n<\/ul>\n<p>Wir danken allen Mitwirkenden im Umzug f\u00fcr Ihre Kost\u00fcmspenden!<br \/>\nUnd erbitten diese auch f\u00fcr den n\u00e4chsten Umzug.<\/p>\n<p><img loading=\"lazy\" decoding=\"async\" class=\"alignleft wp-image-1228 size-full\" src=\"http:\/\/www.kirschfestverehuhuin.de\/cms\/wp-content\/uploads\/2016\/12\/danke-e1481803650161.png\" width=\"500\" height=\"200\" srcset=\"https:\/\/www.kirschfestverein.de\/cms\/wp-content\/uploads\/2016\/12\/danke-e1481803650161.png 500w, https:\/\/www.kirschfestverein.de\/cms\/wp-content\/uploads\/2016\/12\/danke-e1481803650161-300x120.png 300w, https:\/\/www.kirschfestverein.de\/cms\/wp-content\/uploads\/2016\/12\/danke-e1481803650161-250x100.png 250w, https:\/\/www.kirschfestverein.de\/cms\/wp-content\/uploads\/2016\/12\/danke-e1481803650161-150x60.png 150w\" sizes=\"auto, (max-width: 500px) 100vw, 500px\" \/><\/p>\n","protected":false},"excerpt":{"rendered":"<p>Sparkasse Burgenlandkreis Deutsche Bank Naumburg Naumburger Tageblatt Oberlandesgericht Naumburg Firma H\u00fcndorf Landrat Harri Reiche Herr Josef Klieber Wir danken allen Mitwirkenden im Umzug f\u00fcr Ihre Kost\u00fcmspenden! Und erbitten diese auch f\u00fcr den n\u00e4chsten Umzug.<\/p>\n<p> <a class=\"continue-reading-link\" href=\"https:\/\/www.kirschfestverein.de\/cms\/forderer\/\"><span>mehr&#8230;<\/span><i class=\"crycon-right-dir\"><\/i><\/a> <\/p>\n","protected":false},"author":3,"featured_media":0,"parent":0,"menu_order":0,"comment_status":"closed","ping_status":"closed","template":"","meta":{"footnotes":""},"class_list":["post-670","page","type-page","status-publish","hentry"],"_links":{"self":[{"href":"https:\/\/www.kirschfestverein.de\/cms\/wp-json\/wp\/v2\/pages\/670","targetHints":{"allow":["GET"]}}],"collection":[{"href":"https:\/\/www.kirschfestverein.de\/cms\/wp-json\/wp\/v2\/pages"}],"about":[{"href":"https:\/\/www.kirschfestverein.de\/cms\/wp-json\/wp\/v2\/types\/page"}],"author":[{"embeddable":true,"href":"https:\/\/www.kirschfestverein.de\/cms\/wp-json\/wp\/v2\/users\/3"}],"replies":[{"embeddable":true,"href":"https:\/\/www.kirschfestverein.de\/cms\/wp-json\/wp\/v2\/comments?post=670"}],"version-history":[{"count":12,"href":"https:\/\/www.kirschfestverein.de\/cms\/wp-json\/wp\/v2\/pages\/670\/revisions"}],"predecessor-version":[{"id":1233,"href":"https:\/\/www.kirschfestverein.de\/cms\/wp-json\/wp\/v2\/pages\/670\/revisions\/1233"}],"wp:attachment":[{"href":"https:\/\/www.kirschfestverein.de\/cms\/wp-json\/wp\/v2\/media?parent=670"}],"curies":[{"name":"wp","href":"https:\/\/api.w.org\/{rel}","templated":true}]}}